{"id":10609,"date":"2025-06-20T11:42:07","date_gmt":"2025-06-20T10:42:07","guid":{"rendered":"https:\/\/mirazur.officemikado.com\/?page_id=10609"},"modified":"2025-08-26T11:26:19","modified_gmt":"2025-08-26T10:26:19","slug":"new-team","status":"publish","type":"page","link":"https:\/\/mirazurcapital.com\/fr\/new-team\/","title":{"rendered":"Nouvelle \u00e9quipe"},"content":{"rendered":"<div data-elementor-type=\"wp-page\" data-elementor-id=\"10609\" class=\"elementor elementor-10609\" data-elementor-post-type=\"page\">\n\t\t\t\t<div class=\"elementor-element elementor-element-7a52b52 e-flex e-con-boxed qodef-elementor-content-no e-con e-parent\" data-id=\"7a52b52\" data-element_type=\"container\" data-settings=\"{&quot;background_background&quot;:&quot;classic&quot;}\">\n\t\t\t\t\t<div class=\"e-con-inner\">\n\t\t\t\t<div class=\"elementor-element elementor-element-441df91 main_heading elementor-widget elementor-widget-heading\" data-id=\"441df91\" data-element_type=\"widget\" data-widget_type=\"heading.default\">\n\t\t\t\t<div class=\"elementor-widget-container\">\n\t\t\t\t\t<h2 class=\"elementor-heading-title elementor-size-default\">Notre \u00e9quipe<\/h2>\t\t\t\t<\/div>\n\t\t\t\t<\/div>\n\t\t\t\t<div class=\"elementor-element elementor-element-e117afe elementor-icon-list--layout-inline sub_heading elementor-list-item-link-full_width elementor-widget elementor-widget-icon-list\" data-id=\"e117afe\" data-element_type=\"widget\" data-widget_type=\"icon-list.default\">\n\t\t\t\t<div class=\"elementor-widget-container\">\n\t\t\t\t\t\t\t<ul class=\"elementor-icon-list-items elementor-inline-items\">\n\t\t\t\t\t\t\t<li class=\"elementor-icon-list-item elementor-inline-item\">\n\t\t\t\t\t\t\t\t\t\t<span class=\"elementor-icon-list-text\">domicile<\/span>\n\t\t\t\t\t\t\t\t\t<\/li>\n\t\t\t\t\t\t\t\t<li class=\"elementor-icon-list-item elementor-inline-item\">\n\t\t\t\t\t\t\t\t\t\t<span class=\"elementor-icon-list-text\">- \u00c9QUIPE<\/span>\n\t\t\t\t\t\t\t\t\t<\/li>\n\t\t\t\t\t\t<\/ul>\n\t\t\t\t\t\t<\/div>\n\t\t\t\t<\/div>\n\t\t\t\t<div class=\"elementor-element elementor-element-afb60d6 elementor-widget elementor-widget-html\" data-id=\"afb60d6\" data-element_type=\"widget\" data-widget_type=\"html.default\">\n\t\t\t\t<div class=\"elementor-widget-container\">\n\t\t\t\t\t<style>\n    .sub_heading span.elementor-icon-list-text{\n         font-family: 'Gotham' !important;\n    }\n<\/style>\t\t\t\t<\/div>\n\t\t\t\t<\/div>\n\t\t\t\t\t<\/div>\n\t\t\t\t<\/div>\n\t\t<div class=\"elementor-element elementor-element-d419ea6 e-flex e-con-boxed qodef-elementor-content-no e-con e-parent\" data-id=\"d419ea6\" data-element_type=\"container\">\n\t\t\t\t\t<div class=\"e-con-inner\">\n\t\t\t\t<div class=\"elementor-element elementor-element-ec95a26 elementor-widget elementor-widget-html\" data-id=\"ec95a26\" data-element_type=\"widget\" data-widget_type=\"html.default\">\n\t\t\t\t<div class=\"elementor-widget-container\">\n\t\t\t\t\t<style>\n    .mirazur_box:before {\n    content: \"\";\n    background: #999999;\n    width: fit-content;\n    height: 280px;\n    border-left: 1px solid #999999;\n}\n.text_color{\n    color: #0095DA;\n}\n\n<\/style>\t\t\t\t<\/div>\n\t\t\t\t<\/div>\n\t\t<div class=\"elementor-element elementor-element-99ae954 e-con-full mirazur_box e-flex qodef-elementor-content-no e-con e-child\" data-id=\"99ae954\" data-element_type=\"container\">\n\t\t\t\t<div class=\"elementor-element elementor-element-5afacc5 elementor-widget-tablet__width-initial main_heading elementor-widget elementor-widget-heading\" data-id=\"5afacc5\" data-element_type=\"widget\" data-widget_type=\"heading.default\">\n\t\t\t\t<div class=\"elementor-widget-container\">\n\t\t\t\t\t<h1 class=\"elementor-heading-title elementor-size-default\">Pouss\u00e9 par <span class=\"text_color\">expertise <\/span>et <span class=\"text_color\"> perspicacit\u00e9<\/span>, Notre \u00e9quipe a pour mission de vous aider \u00e0 naviguer sur les march\u00e9s mondiaux.<\/h1>\t\t\t\t<\/div>\n\t\t\t\t<\/div>\n\t\t\t\t<div class=\"elementor-element elementor-element-0312898 elementor-widget elementor-widget-heading\" data-id=\"0312898\" data-element_type=\"widget\" data-widget_type=\"heading.default\">\n\t\t\t\t<div class=\"elementor-widget-container\">\n\t\t\t\t\t<h2 class=\"elementor-heading-title elementor-size-default\">CAPITAL MIRAZUR<\/h2>\t\t\t\t<\/div>\n\t\t\t\t<\/div>\n\t\t\t\t<\/div>\n\t\t\t\t\t<\/div>\n\t\t\t\t<\/div>\n\t\t<div class=\"elementor-element elementor-element-690bf1f e-flex e-con-boxed qodef-elementor-content-no e-con e-parent\" data-id=\"690bf1f\" data-element_type=\"container\">\n\t\t\t\t\t<div class=\"e-con-inner\">\n\t\t<div class=\"elementor-element elementor-element-92a5227 e-con-full e-flex qodef-elementor-content-no e-con e-child\" data-id=\"92a5227\" data-element_type=\"container\">\n\t\t\t\t<div class=\"elementor-element elementor-element-bc3d59f main_heading elementor-widget elementor-widget-heading\" data-id=\"bc3d59f\" data-element_type=\"widget\" data-widget_type=\"heading.default\">\n\t\t\t\t<div class=\"elementor-widget-container\">\n\t\t\t\t\t<h5 class=\"elementor-heading-title elementor-size-default\">Aldo Bennini<\/h5>\t\t\t\t<\/div>\n\t\t\t\t<\/div>\n\t\t\t\t<div class=\"elementor-element elementor-element-ea13e05 our_team_sub_title elementor-widget elementor-widget-heading\" data-id=\"ea13e05\" data-element_type=\"widget\" data-widget_type=\"heading.default\">\n\t\t\t\t<div class=\"elementor-widget-container\">\n\t\t\t\t\t<h5 class=\"elementor-heading-title elementor-size-default\">PDG<\/h5>\t\t\t\t<\/div>\n\t\t\t\t<\/div>\n\t\t\t\t<div class=\"elementor-element elementor-element-25e6d3c our_team elementor-widget elementor-widget-text-editor\" data-id=\"25e6d3c\" data-element_type=\"widget\" data-widget_type=\"text-editor.default\">\n\t\t\t\t<div class=\"elementor-widget-container\">\n\t\t\t\t\t\t\t\t\t<p>Aldo est un gestionnaire de patrimoine chevronn\u00e9, ayant g\u00e9r\u00e9 des clients fortun\u00e9s au cours des 35 derni\u00e8res ann\u00e9es en Suisse. Avant de fonder Mirazur Capital, Aldo \u00e9tait propri\u00e9taire de Ridos Wealth Management SA et actionnaire principal de Profid Fiduciaria SA \u00e0 Lugano. <br \/>Aldo a \u00e9galement pass\u00e9 10 ans en tant que pr\u00e9sident de la soci\u00e9t\u00e9 fiduciaire de la Banca Unione di Credito, une importante institution financi\u00e8re bas\u00e9e \u00e0 Lugano.<br \/>Aldo est titulaire d'un dipl\u00f4me de droit et d'un dipl\u00f4me d'\u00e9conomie de l'universit\u00e9 d'Urbino, ainsi que d'un master en titres financiers de l'universit\u00e9 de Torvergata.\u00a0<\/p>\t\t\t\t\t\t\t\t<\/div>\n\t\t\t\t<\/div>\n\t\t\t\t<\/div>\n\t\t<div class=\"elementor-element elementor-element-58b3716 e-con-full e-flex qodef-elementor-content-no e-con e-child\" data-id=\"58b3716\" data-element_type=\"container\">\n\t\t\t\t<div class=\"elementor-element elementor-element-231da38 main_heading elementor-widget elementor-widget-heading\" data-id=\"231da38\" data-element_type=\"widget\" data-widget_type=\"heading.default\">\n\t\t\t\t<div class=\"elementor-widget-container\">\n\t\t\t\t\t<h5 class=\"elementor-heading-title elementor-size-default\">Flavio Bennini<\/h5>\t\t\t\t<\/div>\n\t\t\t\t<\/div>\n\t\t\t\t<div class=\"elementor-element elementor-element-71a8a01 our_team_sub_title elementor-widget elementor-widget-heading\" data-id=\"71a8a01\" data-element_type=\"widget\" data-widget_type=\"heading.default\">\n\t\t\t\t<div class=\"elementor-widget-container\">\n\t\t\t\t\t<h5 class=\"elementor-heading-title elementor-size-default\">DIRECTEUR FINANCIER<\/h5>\t\t\t\t<\/div>\n\t\t\t\t<\/div>\n\t\t\t\t<div class=\"elementor-element elementor-element-f87bc95 our_team elementor-widget elementor-widget-text-editor\" data-id=\"f87bc95\" data-element_type=\"widget\" data-widget_type=\"text-editor.default\">\n\t\t\t\t<div class=\"elementor-widget-container\">\n\t\t\t\t\t\t\t\t\t<p>Flavio g\u00e8re des portefeuilles de particuliers tr\u00e8s fortun\u00e9s depuis plus de douze ans, avec une pr\u00e9sence forte et constante dans le paysage financier mon\u00e9gasque. <br \/>Avant de fonder Mirazur Capital, Flavio \u00e9tait gestionnaire de portefeuille chez Financial Strategy \u00e0 Monaco. Il a \u00e9galement pass\u00e9 deux ans \u00e0 Londres en tant qu'analyste d'investissement chez Method Investments &amp; Advisory, o\u00f9 il a acquis une exp\u00e9rience pr\u00e9cieuse des march\u00e9s internationaux et des instruments financiers complexes.<br \/>Flavio est titulaire d'un dipl\u00f4me d'\u00e9conomie de l'universit\u00e9 Bocconi de Milan, o\u00f9 il s'est sp\u00e9cialis\u00e9 dans l'analyse financi\u00e8re et la macro\u00e9conomie.<\/p>\t\t\t\t\t\t\t\t<\/div>\n\t\t\t\t<\/div>\n\t\t\t\t<\/div>\n\t\t<div class=\"elementor-element elementor-element-1ba7a52 e-con-full e-flex qodef-elementor-content-no e-con e-child\" data-id=\"1ba7a52\" data-element_type=\"container\">\n\t\t\t\t<div class=\"elementor-element elementor-element-96a7dfd main_heading elementor-widget elementor-widget-heading\" data-id=\"96a7dfd\" data-element_type=\"widget\" data-widget_type=\"heading.default\">\n\t\t\t\t<div class=\"elementor-widget-container\">\n\t\t\t\t\t<h5 class=\"elementor-heading-title elementor-size-default\">Antonio Mazzarella<\/h5>\t\t\t\t<\/div>\n\t\t\t\t<\/div>\n\t\t\t\t<div class=\"elementor-element elementor-element-ee56ecc our_team_sub_title elementor-widget elementor-widget-heading\" data-id=\"ee56ecc\" data-element_type=\"widget\" data-widget_type=\"heading.default\">\n\t\t\t\t<div class=\"elementor-widget-container\">\n\t\t\t\t\t<h5 class=\"elementor-heading-title elementor-size-default\">DPI<\/h5>\t\t\t\t<\/div>\n\t\t\t\t<\/div>\n\t\t\t\t<div class=\"elementor-element elementor-element-4532667 our_team elementor-widget elementor-widget-text-editor\" data-id=\"4532667\" data-element_type=\"widget\" data-widget_type=\"text-editor.default\">\n\t\t\t\t<div class=\"elementor-widget-container\">\n\t\t\t\t\t\t\t\t\t<p>Avant de fonder Mirazur Capital, Antonio a travaill\u00e9 en tant qu'analyste, associ\u00e9 et finalement responsable de la recherche au sein du fonds de situations sp\u00e9ciales de Ben Oldman Partners. <br \/>Ce fonds de situations sp\u00e9ciales tr\u00e8s r\u00e9put\u00e9 a re\u00e7u de nombreuses r\u00e9compenses du secteur au fil des ans, notamment le titre de meilleur fonds europ\u00e9en de cr\u00e9dit en difficult\u00e9 en 2016 lors des EuroHedge Awards.<br \/>Antonio est dipl\u00f4m\u00e9 en \u00e9conomie de l'universit\u00e9 Bocconi de Milan et a ensuite obtenu un master en banque et finance mondiales \u00e0 l'EBS de Londres, ce qui lui a permis de renforcer son expertise internationale.<\/p>\t\t\t\t\t\t\t\t<\/div>\n\t\t\t\t<\/div>\n\t\t\t\t<\/div>\n\t\t<div class=\"elementor-element elementor-element-d188de0 e-con-full e-flex qodef-elementor-content-no e-con e-child\" data-id=\"d188de0\" data-element_type=\"container\">\n\t\t\t\t<div class=\"elementor-element elementor-element-eaba432 main_heading elementor-widget elementor-widget-heading\" data-id=\"eaba432\" data-element_type=\"widget\" data-widget_type=\"heading.default\">\n\t\t\t\t<div class=\"elementor-widget-container\">\n\t\t\t\t\t<h5 class=\"elementor-heading-title elementor-size-default\">Herv\u00e9 Simon<\/h5>\t\t\t\t<\/div>\n\t\t\t\t<\/div>\n\t\t\t\t<div class=\"elementor-element elementor-element-4fc248e our_team_sub_title elementor-widget elementor-widget-heading\" data-id=\"4fc248e\" data-element_type=\"widget\" data-widget_type=\"heading.default\">\n\t\t\t\t<div class=\"elementor-widget-container\">\n\t\t\t\t\t<h5 class=\"elementor-heading-title elementor-size-default\">Responsable de la gestion des relations\nde la gestion<\/h5>\t\t\t\t<\/div>\n\t\t\t\t<\/div>\n\t\t\t\t<div class=\"elementor-element elementor-element-59f179f our_team elementor-widget elementor-widget-text-editor\" data-id=\"59f179f\" data-element_type=\"widget\" data-widget_type=\"text-editor.default\">\n\t\t\t\t<div class=\"elementor-widget-container\">\n\t\t\t\t\t\t\t\t\t<p>Herv\u00e9 est responsable de la gestion des relations avec les clients de Mirazur Capital. <br \/>Apr\u00e8s avoir termin\u00e9 ses \u00e9tudes secondaires \u00e0 Monaco, il a obtenu un bachelor en finance \u00e0 l'EDHEC Business School, puis un master en banque et finance \u00e0 l'ESLSCA \u00e0 Paris. Pendant ses \u00e9tudes, il a \u00e9galement travaill\u00e9 chez Exane et \u00e0 la Financi\u00e8re de l'Echiquier.<br \/>En 2014, Herv\u00e9 est revenu \u00e0 Monaco et a commenc\u00e9 \u00e0 travailler en tant que conseiller en investissement \u00e0 la CMB, un r\u00f4le qu'il a occup\u00e9 jusqu'en 2018 lorsqu'il a \u00e9t\u00e9 promu gestionnaire de patrimoine pour un grand portefeuille d'UHNWIs.\u00a0<\/p>\t\t\t\t\t\t\t\t<\/div>\n\t\t\t\t<\/div>\n\t\t\t\t<\/div>\n\t\t<div class=\"elementor-element elementor-element-cca7cda e-con-full e-flex qodef-elementor-content-no e-con e-child\" data-id=\"cca7cda\" data-element_type=\"container\">\n\t\t\t\t<div class=\"elementor-element elementor-element-498be16 main_heading elementor-widget elementor-widget-heading\" data-id=\"498be16\" data-element_type=\"widget\" data-widget_type=\"heading.default\">\n\t\t\t\t<div class=\"elementor-widget-container\">\n\t\t\t\t\t<h5 class=\"elementor-heading-title elementor-size-default\">Florence Sainton<\/h5>\t\t\t\t<\/div>\n\t\t\t\t<\/div>\n\t\t\t\t<div class=\"elementor-element elementor-element-d56da2a our_team_sub_title elementor-widget elementor-widget-heading\" data-id=\"d56da2a\" data-element_type=\"widget\" data-widget_type=\"heading.default\">\n\t\t\t\t<div class=\"elementor-widget-container\">\n\t\t\t\t\t<h5 class=\"elementor-heading-title elementor-size-default\">Chef des op\u00e9rations<\/h5>\t\t\t\t<\/div>\n\t\t\t\t<\/div>\n\t\t\t\t<div class=\"elementor-element elementor-element-8e124e2 our_team elementor-widget elementor-widget-text-editor\" data-id=\"8e124e2\" data-element_type=\"widget\" data-widget_type=\"text-editor.default\">\n\t\t\t\t<div class=\"elementor-widget-container\">\n\t\t\t\t\t\t\t\t\t<p>Avant de rejoindre Mirazur Capital, Florence a travaill\u00e9 pendant 23 ans pour HSBC Private Bank \u00e0 Monaco, o\u00f9 elle a d\u00e9velopp\u00e9 une grande expertise dans les op\u00e9rations de banque priv\u00e9e et les fonctions de soutien.<br \/>Elle a pass\u00e9 11 ans au sein de l'\u00e9quipe des op\u00e9rations de back-office, puis elle est pass\u00e9e au middle-office, o\u00f9 elle a travaill\u00e9 pendant 12 ans en tant que support de n\u00e9gociation, assurant une ex\u00e9cution et une communication sans faille entre les \u00e9quipes de front-office et les \u00e9quipes op\u00e9rationnelles.<\/p>\t\t\t\t\t\t\t\t<\/div>\n\t\t\t\t<\/div>\n\t\t\t\t<\/div>\n\t\t<div class=\"elementor-element elementor-element-9220426 e-con-full e-flex qodef-elementor-content-no e-con e-child\" data-id=\"9220426\" data-element_type=\"container\">\n\t\t\t\t<div class=\"elementor-element elementor-element-3e7d118 main_heading elementor-widget elementor-widget-heading\" data-id=\"3e7d118\" data-element_type=\"widget\" data-widget_type=\"heading.default\">\n\t\t\t\t<div class=\"elementor-widget-container\">\n\t\t\t\t\t<h5 class=\"elementor-heading-title elementor-size-default\">Ludovico Frigo<\/h5>\t\t\t\t<\/div>\n\t\t\t\t<\/div>\n\t\t\t\t<div class=\"elementor-element elementor-element-e4b4b89 our_team_sub_title elementor-widget elementor-widget-heading\" data-id=\"e4b4b89\" data-element_type=\"widget\" data-widget_type=\"heading.default\">\n\t\t\t\t<div class=\"elementor-widget-container\">\n\t\t\t\t\t<h5 class=\"elementor-heading-title elementor-size-default\">Analyste<\/h5>\t\t\t\t<\/div>\n\t\t\t\t<\/div>\n\t\t\t\t<div class=\"elementor-element elementor-element-da107c0 our_team elementor-widget elementor-widget-text-editor\" data-id=\"da107c0\" data-element_type=\"widget\" data-widget_type=\"text-editor.default\">\n\t\t\t\t<div class=\"elementor-widget-container\">\n\t\t\t\t\t\t\t\t\t<p>Ludovico a grandi \u00e0 Monaco et est sorti premier de sa classe au Lyc\u00e9e Albert 1er.<br \/>Apr\u00e8s avoir obtenu son baccalaur\u00e9at, il a fr\u00e9quent\u00e9 l'International University of Monaco, o\u00f9 il a obtenu un Bachelor of Business Administration en 2022 en tant que major de promotion, suivi d'un Master of Science in Hedge Funds and Private Equity en 2023.<br \/>Il a \u00e9galement \u00e9t\u00e9 pr\u00e9sident de l'IUM Finance Society et copr\u00e9sident et cofondateur de l'IUM Entrepreneurship Club.<\/p>\t\t\t\t\t\t\t\t<\/div>\n\t\t\t\t<\/div>\n\t\t\t\t<\/div>\n\t\t<div class=\"elementor-element elementor-element-06ba1b8 e-con-full e-flex qodef-elementor-content-no e-con e-child\" data-id=\"06ba1b8\" data-element_type=\"container\">\n\t\t\t\t<div class=\"elementor-element elementor-element-4aa7e8a main_heading elementor-widget elementor-widget-heading\" data-id=\"4aa7e8a\" data-element_type=\"widget\" data-widget_type=\"heading.default\">\n\t\t\t\t<div class=\"elementor-widget-container\">\n\t\t\t\t\t<h5 class=\"elementor-heading-title elementor-size-default\">Laura Toledo<\/h5>\t\t\t\t<\/div>\n\t\t\t\t<\/div>\n\t\t\t\t<div class=\"elementor-element elementor-element-814b9d9 our_team_sub_title elementor-widget elementor-widget-heading\" data-id=\"814b9d9\" data-element_type=\"widget\" data-widget_type=\"heading.default\">\n\t\t\t\t<div class=\"elementor-widget-container\">\n\t\t\t\t\t<h5 class=\"elementor-heading-title elementor-size-default\">Chef du service juridique et\nconformit\u00e9<\/h5>\t\t\t\t<\/div>\n\t\t\t\t<\/div>\n\t\t\t\t<div class=\"elementor-element elementor-element-b21ec2f our_team elementor-widget elementor-widget-text-editor\" data-id=\"b21ec2f\" data-element_type=\"widget\" data-widget_type=\"text-editor.default\">\n\t\t\t\t<div class=\"elementor-widget-container\">\n\t\t\t\t\t\t\t\t\t<p>Laura est une avocate italienne. <br \/>Avant de venir \u00e0 Monaco en 2001, elle a travaill\u00e9 comme avocate p\u00e9naliste \u00e0 Turin, puis comme avocate civile au Studio Legale Grande Stevens Pedersoli \u00e0 Turin. \u00c0 Monaco, elle a rejoint le d\u00e9partement juridique de la Soci\u00e9t\u00e9 G\u00e9n\u00e9rale, puis a travaill\u00e9 pendant 15 ans en tant que responsable de la conformit\u00e9 au sein de Financial Strategy \u00e0 Monaco. Laura est dipl\u00f4m\u00e9e en droit p\u00e9nal de l'universit\u00e9 de Turin et a ensuite obtenu le titre d'avocat.<\/p>\t\t\t\t\t\t\t\t<\/div>\n\t\t\t\t<\/div>\n\t\t\t\t<\/div>\n\t\t\t\t<div class=\"elementor-element elementor-element-ee2d9f5 elementor-widget elementor-widget-html\" data-id=\"ee2d9f5\" data-element_type=\"widget\" data-widget_type=\"html.default\">\n\t\t\t\t<div class=\"elementor-widget-container\">\n\t\t\t\t\t<style>\n    .our_team .elementor-widget-container p{\n    font-family: 'Gotham' !important;\n    margin-top: 0;\n}\n.our_team_sub_title h5.elementor-heading-title.elementor-size-default{\n    font-family: 'Gotham' !important;\n}\n<\/style>\t\t\t\t<\/div>\n\t\t\t\t<\/div>\n\t\t\t\t\t<\/div>\n\t\t\t\t<\/div>\n\t\t<div class=\"elementor-element elementor-element-8ff17f9 e-flex e-con-boxed qodef-elementor-content-no e-con e-parent\" data-id=\"8ff17f9\" data-element_type=\"container\" data-settings=\"{&quot;background_background&quot;:&quot;classic&quot;}\">\n\t\t\t\t\t<div class=\"e-con-inner\">\n\t\t\t\t<div class=\"elementor-element elementor-element-c389900 main_heading elementor-widget elementor-widget-heading\" data-id=\"c389900\" data-element_type=\"widget\" data-widget_type=\"heading.default\">\n\t\t\t\t<div class=\"elementor-widget-container\">\n\t\t\t\t\t<h2 class=\"elementor-heading-title elementor-size-default\">Aider nos clients \u00e0 atteindre leur plein potentiel.<\/h2>\t\t\t\t<\/div>\n\t\t\t\t<\/div>\n\t\t\t\t\t<\/div>\n\t\t\t\t<\/div>\n\t\t\t\t<\/div>","protected":false},"excerpt":{"rendered":"<p>Notre \u00e9quipe home - \u00c9QUIPE Anim\u00e9e par l'expertise et la perspicacit\u00e9, notre \u00e9quipe a pour mission de vous aider \u00e0 naviguer sur les march\u00e9s mondiaux. MIRAZUR CAPITAL Aldo Bennini CEO Aldo est un gestionnaire de fortune chevronn\u00e9, ayant g\u00e9r\u00e9 des UHNWI au cours des 35 derni\u00e8res ann\u00e9es en Suisse. Avant de fonder Mirazur Capital, Aldo \u00e9tait propri\u00e9taire de Ridos Wealth Management SA [...]<\/p>","protected":false},"author":1,"featured_media":0,"parent":0,"menu_order":0,"comment_status":"closed","ping_status":"closed","template":"page-full-width.php","meta":{"footnotes":""},"class_list":["post-10609","page","type-page","status-publish","hentry"],"_links":{"self":[{"href":"https:\/\/mirazurcapital.com\/fr\/wp-json\/wp\/v2\/pages\/10609","targetHints":{"allow":["GET"]}}],"collection":[{"href":"https:\/\/mirazurcapital.com\/fr\/wp-json\/wp\/v2\/pages"}],"about":[{"href":"https:\/\/mirazurcapital.com\/fr\/wp-json\/wp\/v2\/types\/page"}],"author":[{"embeddable":true,"href":"https:\/\/mirazurcapital.com\/fr\/wp-json\/wp\/v2\/users\/1"}],"replies":[{"embeddable":true,"href":"https:\/\/mirazurcapital.com\/fr\/wp-json\/wp\/v2\/comments?post=10609"}],"version-history":[{"count":265,"href":"https:\/\/mirazurcapital.com\/fr\/wp-json\/wp\/v2\/pages\/10609\/revisions"}],"predecessor-version":[{"id":12148,"href":"https:\/\/mirazurcapital.com\/fr\/wp-json\/wp\/v2\/pages\/10609\/revisions\/12148"}],"wp:attachment":[{"href":"https:\/\/mirazurcapital.com\/fr\/wp-json\/wp\/v2\/media?parent=10609"}],"curies":[{"name":"wp","href":"https:\/\/api.w.org\/{rel}","templated":true}]}}