{"id":10247,"date":"2025-06-19T11:16:41","date_gmt":"2025-06-19T10:16:41","guid":{"rendered":"https:\/\/mirazur.officemikado.com\/?page_id=10247"},"modified":"2025-09-07T05:07:39","modified_gmt":"2025-09-07T04:07:39","slug":"new-contact","status":"publish","type":"page","link":"https:\/\/mirazurcapital.com\/fr\/new-contact\/","title":{"rendered":"Nouveau contact"},"content":{"rendered":"<div data-elementor-type=\"wp-page\" data-elementor-id=\"10247\" class=\"elementor elementor-10247\" data-elementor-post-type=\"page\">\n\t\t\t\t<div class=\"elementor-element elementor-element-8deb00b e-flex e-con-boxed qodef-elementor-content-no e-con e-parent\" data-id=\"8deb00b\" data-element_type=\"container\" data-settings=\"{&quot;background_background&quot;:&quot;classic&quot;}\">\n\t\t\t\t\t<div class=\"e-con-inner\">\n\t\t\t\t<div class=\"elementor-element elementor-element-046d77b main_heading elementor-widget elementor-widget-heading\" data-id=\"046d77b\" data-element_type=\"widget\" data-widget_type=\"heading.default\">\n\t\t\t\t<div class=\"elementor-widget-container\">\n\t\t\t\t\t<h2 class=\"elementor-heading-title elementor-size-default\">Contact<\/h2>\t\t\t\t<\/div>\n\t\t\t\t<\/div>\n\t\t\t\t<div class=\"elementor-element elementor-element-8601be1 elementor-icon-list--layout-inline contact_page sub_heading elementor-list-item-link-full_width elementor-widget elementor-widget-icon-list\" data-id=\"8601be1\" data-element_type=\"widget\" data-widget_type=\"icon-list.default\">\n\t\t\t\t<div class=\"elementor-widget-container\">\n\t\t\t\t\t\t\t<ul class=\"elementor-icon-list-items elementor-inline-items\">\n\t\t\t\t\t\t\t<li class=\"elementor-icon-list-item elementor-inline-item\">\n\t\t\t\t\t\t\t\t\t\t<span class=\"elementor-icon-list-text\">ACCUEIL - CONTACT<\/span>\n\t\t\t\t\t\t\t\t\t<\/li>\n\t\t\t\t\t\t<\/ul>\n\t\t\t\t\t\t<\/div>\n\t\t\t\t<\/div>\n\t\t\t\t<div class=\"elementor-element elementor-element-2956d99 elementor-widget elementor-widget-html\" data-id=\"2956d99\" data-element_type=\"widget\" data-widget_type=\"html.default\">\n\t\t\t\t<div class=\"elementor-widget-container\">\n\t\t\t\t\t<style>\n    .contact_page span.elementor-icon-list-text{\n        font-family: Gotham !important;\n    }\n<\/style>\t\t\t\t<\/div>\n\t\t\t\t<\/div>\n\t\t\t\t\t<\/div>\n\t\t\t\t<\/div>\n\t\t<div class=\"elementor-element elementor-element-e7b4852 e-con-full e-flex qodef-elementor-content-no e-con e-parent\" data-id=\"e7b4852\" data-element_type=\"container\">\n\t\t<div class=\"elementor-element elementor-element-c6bbce2 e-con-full e-flex qodef-elementor-content-no e-con e-child\" data-id=\"c6bbce2\" data-element_type=\"container\">\n\t\t<div class=\"elementor-element elementor-element-237ecc0 e-con-full e-flex qodef-elementor-content-no e-con e-child\" data-id=\"237ecc0\" data-element_type=\"container\" data-settings=\"{&quot;background_background&quot;:&quot;classic&quot;}\">\n\t\t<div class=\"elementor-element elementor-element-b5e46d9 e-flex e-con-boxed qodef-elementor-content-no e-con e-child\" data-id=\"b5e46d9\" data-element_type=\"container\">\n\t\t\t\t\t<div class=\"e-con-inner\">\n\t\t\t\t<div class=\"elementor-element elementor-element-8cfb614 elementor-widget__width-inherit main_heading elementor-widget elementor-widget-heading\" data-id=\"8cfb614\" data-element_type=\"widget\" data-widget_type=\"heading.default\">\n\t\t\t\t<div class=\"elementor-widget-container\">\n\t\t\t\t\t<h2 class=\"elementor-heading-title elementor-size-default\">Contactez-nous pour en savoir plus sur nos\nservices et solutions d'investissement.<\/h2>\t\t\t\t<\/div>\n\t\t\t\t<\/div>\n\t\t\t\t<div class=\"elementor-element elementor-element-42d8dda elementor-widget elementor-widget-html\" data-id=\"42d8dda\" data-element_type=\"widget\" data-widget_type=\"html.default\">\n\t\t\t\t<div class=\"elementor-widget-container\">\n\t\t\t\t\t<style>\n.email_form input.wpcf7-form-control.wpcf7-email.wpcf7-validates-as-required.wpcf7-text.wpcf7-validates-as-email {\n    color: #999999;\n    font-family: Gotham;\n    font-weight: 300;\n    font-size: 14px;\n    line-height: 100%;\n}\n.email_form button.wpcf7-submit {\n    font-family: Gotham !important;\n    font-weight: 300 !important;\n    font-size: 14px !important;\n    line-height: 100% !important;\n    color: #151858 !important;\n}\n.email_form button.wpcf7-form-control.wpcf7-submit.qodef-button.qodef-size--normal.qodef-m {\n       border: none;\n    background: transparent;\n    text-align: right;\n    align-items: flex-end;\n    justify-content: right;\n    display: contents;\n    }\n    \n.email_form span.qodef-m-text {\n    padding-top: 72px;\n}    \n\n.email_form button.wpcf7-submit {\n    background: transparent !important;\n    width: 100% !important;\n    padding:72px 0px 0px !important;\n    justify-content: flex-end;\n    align-items: center;\n}\n\n.email_form .submit-icon-wrapper img {\n  width: 7px !important;\n  height: 15px !important;\n}\n\n\n.email_form button.wpcf7-submit:hover{\n border: 1px solid transparent !important;\n}\n\n.email_form .submit-icon-wrapper button {\n  display: inline-flex;\n  align-items: center;\n  gap: 30px; \/* Gap between text and image *\/\n  border: none;\n  background: none;\n  cursor: pointer;\n}\n.contact_us svg.qodef-svg--slider-arrow-right {\n    width: 20px;\n    height: fit-content;\n}\n    .contact_us button.wpcf7-submit {\n    gap: 20px;\n}\n<\/style>\t\t\t\t<\/div>\n\t\t\t\t<\/div>\n\t\t\t\t<div class=\"elementor-element elementor-element-123854f email_form elementor-widget elementor-widget-qi_addons_for_elementor_contact_form_7\" data-id=\"123854f\" data-element_type=\"widget\" data-widget_type=\"qi_addons_for_elementor_contact_form_7.default\">\n\t\t\t\t<div class=\"elementor-widget-container\">\n\t\t\t\t\t<div class=\"qodef-shortcode qodef-m contact_us qodef-qi-contact-form-7\">\n\t\n<div class=\"wpcf7 no-js\" id=\"wpcf7-f10574-o1\" lang=\"en-US\" dir=\"ltr\" data-wpcf7-id=\"10574\">\n<div class=\"screen-reader-response\"><p role=\"status\" aria-live=\"polite\" aria-atomic=\"true\"><\/p> <ul><\/ul><\/div>\n<form action=\"\/fr\/wp-json\/wp\/v2\/pages\/10247#wpcf7-f10574-o1\" method=\"post\" class=\"wpcf7-form init cf7mls-no-scroll cf7mls-auto-return-first-step cf7mls-no-moving-animation\" aria-label=\"Formulaire de contact\" novalidate=\"novalidate\" data-status=\"init\" data-trp-original-action=\"\/fr\/wp-json\/wp\/v2\/pages\/10247#wpcf7-f10574-o1\">\n<fieldset class=\"hidden-fields-container\"><input type=\"hidden\" name=\"_wpcf7\" value=\"10574\" \/><input type=\"hidden\" name=\"_wpcf7_version\" value=\"6.1.5\" \/><input type=\"hidden\" name=\"_wpcf7_locale\" value=\"en_US\" \/><input type=\"hidden\" name=\"_wpcf7_unit_tag\" value=\"wpcf7-f10574-o1\" \/><input type=\"hidden\" name=\"_wpcf7_container_post\" value=\"0\" \/><input type=\"hidden\" name=\"_wpcf7_posted_data_hash\" value=\"\" \/>\n<\/fieldset>\n<div class=\"email-icon-wrapper\">\n\n  <span class=\"wpcf7-form-control-wrap\" data-name=\"email-532\"><input size=\"40\" maxlength=\"400\" class=\"wpcf7-form-control wpcf7-email wpcf7-validates-as-required wpcf7-text wpcf7-validates-as-email\" aria-required=\"true\" aria-invalid=\"false\" placeholder=\"Adresse \u00e9lectronique\" value=\"\" type=\"email\" name=\"email-532\" \/><\/span>\n<\/div>\n\n<div class=\"submit-icon-wrapper\">\n  <button type=\"submit\" class=\"wpcf7-submit\">\n  ENVOYER\n    <svg xmlns=\"http:\/\/www.w3.org\/2000\/svg\" width=\"16\" height=\"30\" viewbox=\"0 0 16 30\" fill=\"none\">\n<rect width=\"1\" height=\"30\" fill=\"#151858\"\/>\n<path d=\"M8 7L15 14.6923L8 22\" stroke=\"#151858\"\/>\n<\/svg>\n\n  \n  <\/button>\n<\/div><div class=\"wpcf7-response-output\" aria-hidden=\"true\"><\/div>\n<input type=\"hidden\" name=\"trp-form-language\" value=\"fr\"\/><\/form>\n<\/div>\n<\/div>\n\t\t\t\t<\/div>\n\t\t\t\t<\/div>\n\t\t\t\t\t<\/div>\n\t\t\t\t<\/div>\n\t\t\t\t<\/div>\n\t\t<div class=\"elementor-element elementor-element-e082220 e-con-full e-flex qodef-elementor-content-no e-con e-child\" data-id=\"e082220\" data-element_type=\"container\">\n\t\t<div class=\"elementor-element elementor-element-bad9bcf e-con-full e-flex qodef-elementor-content-no e-con e-child\" data-id=\"bad9bcf\" data-element_type=\"container\">\n\t\t\t\t<div class=\"elementor-element elementor-element-e6e8db7 elementor-widget elementor-widget-google_maps\" data-id=\"e6e8db7\" data-element_type=\"widget\" data-widget_type=\"google_maps.default\">\n\t\t\t\t<div class=\"elementor-widget-container\">\n\t\t\t\t\t\t\t<div class=\"elementor-custom-embed\">\n\t\t\t<iframe loading=\"lazy\"\n\t\t\t\t\tsrc=\"https:\/\/maps.google.com\/maps?q=4%2C%20Rue%20R%C3%A9v%C3%A9rend%20P%C3%A8re%20Louis%20Frolla%20Sun%27s%20Palace%20Monaco%2098000&#038;t=m&#038;z=17&#038;output=embed&#038;iwloc=near\"\n\t\t\t\t\ttitle=\"4, Rue R\u00e9v\u00e9rend P\u00e8re Louis Frolla Sun&#039;s Palace Monaco 98000\"\n\t\t\t\t\taria-label=\"4, Rue R\u00e9v\u00e9rend P\u00e8re Louis Frolla Sun&#039;s Palace Monaco 98000\"\n\t\t\t><\/iframe>\n\t\t<\/div>\n\t\t\t\t\t\t<\/div>\n\t\t\t\t<\/div>\n\t\t\t\t<\/div>\n\t\t\t\t<\/div>\n\t\t\t\t<\/div>\n\t\t\t\t<\/div>\n\t\t\t\t<\/div>","protected":false},"excerpt":{"rendered":"<p>Contact HOME - CONTACT Contactez-nous pour en savoir plus sur nos services et nos solutions d'investissement. ENVOYER<\/p>","protected":false},"author":1,"featured_media":0,"parent":0,"menu_order":0,"comment_status":"closed","ping_status":"closed","template":"page-full-width.php","meta":{"footnotes":""},"class_list":["post-10247","page","type-page","status-publish","hentry"],"_links":{"self":[{"href":"https:\/\/mirazurcapital.com\/fr\/wp-json\/wp\/v2\/pages\/10247","targetHints":{"allow":["GET"]}}],"collection":[{"href":"https:\/\/mirazurcapital.com\/fr\/wp-json\/wp\/v2\/pages"}],"about":[{"href":"https:\/\/mirazurcapital.com\/fr\/wp-json\/wp\/v2\/types\/page"}],"author":[{"embeddable":true,"href":"https:\/\/mirazurcapital.com\/fr\/wp-json\/wp\/v2\/users\/1"}],"replies":[{"embeddable":true,"href":"https:\/\/mirazurcapital.com\/fr\/wp-json\/wp\/v2\/comments?post=10247"}],"version-history":[{"count":232,"href":"https:\/\/mirazurcapital.com\/fr\/wp-json\/wp\/v2\/pages\/10247\/revisions"}],"predecessor-version":[{"id":12216,"href":"https:\/\/mirazurcapital.com\/fr\/wp-json\/wp\/v2\/pages\/10247\/revisions\/12216"}],"wp:attachment":[{"href":"https:\/\/mirazurcapital.com\/fr\/wp-json\/wp\/v2\/media?parent=10247"}],"curies":[{"name":"wp","href":"https:\/\/api.w.org\/{rel}","templated":true}]}}